{"id":34,"date":"2022-08-25T15:59:40","date_gmt":"2022-08-25T13:59:40","guid":{"rendered":"https:\/\/www.matrisproduction.com\/?page_id=34"},"modified":"2022-08-25T15:59:40","modified_gmt":"2022-08-25T13:59:40","slug":"evenements-cinema","status":"publish","type":"page","link":"https:\/\/www.matrisproduction.com\/index.php\/evenements-cinema\/","title":{"rendered":"\u00c9v\u00e9nements cin\u00e9ma"},"content":{"rendered":"","protected":false},"excerpt":{"rendered":"","protected":false},"author":2,"featured_media":0,"parent":0,"menu_order":0,"comment_status":"closed","ping_status":"closed","template":"","meta":{"footnotes":""},"folder":[5],"class_list":["post-34","page","type-page","status-publish","hentry"],"_links":{"self":[{"href":"https:\/\/www.matrisproduction.com\/index.php\/wp-json\/wp\/v2\/pages\/34","targetHints":{"allow":["GET"]}}],"collection":[{"href":"https:\/\/www.matrisproduction.com\/index.php\/wp-json\/wp\/v2\/pages"}],"about":[{"href":"https:\/\/www.matrisproduction.com\/index.php\/wp-json\/wp\/v2\/types\/page"}],"author":[{"embeddable":true,"href":"https:\/\/www.matrisproduction.com\/index.php\/wp-json\/wp\/v2\/users\/2"}],"replies":[{"embeddable":true,"href":"https:\/\/www.matrisproduction.com\/index.php\/wp-json\/wp\/v2\/comments?post=34"}],"version-history":[{"count":1,"href":"https:\/\/www.matrisproduction.com\/index.php\/wp-json\/wp\/v2\/pages\/34\/revisions"}],"predecessor-version":[{"id":35,"href":"https:\/\/www.matrisproduction.com\/index.php\/wp-json\/wp\/v2\/pages\/34\/revisions\/35"}],"wp:attachment":[{"href":"https:\/\/www.matrisproduction.com\/index.php\/wp-json\/wp\/v2\/media?parent=34"}],"wp:term":[{"taxonomy":"folder","embeddable":true,"href":"https:\/\/www.matrisproduction.com\/index.php\/wp-json\/wp\/v2\/folder?post=34"}],"curies":[{"name":"wp","href":"https:\/\/api.w.org\/{rel}","templated":true}]}}